{"id":7884,"date":"2025-10-09T13:27:07","date_gmt":"2025-10-09T16:27:07","guid":{"rendered":"https:\/\/menteparatodos.com\/?page_id=7884"},"modified":"2025-10-16T13:29:27","modified_gmt":"2025-10-16T16:29:27","slug":"gps-mental","status":"publish","type":"page","link":"https:\/\/menteparatodos.com\/index.php\/gps-mental\/","title":{"rendered":"GPS mental"},"content":{"rendered":"\t\t<div data-elementor-type=\"wp-page\" data-elementor-id=\"7884\" class=\"elementor elementor-7884\">\n\t\t\t\t\t\t\t<div class=\"elementor-element elementor-element-164f66c e-flex e-con-boxed e-con e-parent\" data-id=\"164f66c\" data-element_type=\"container\" data-settings=\"{&quot;content_width&quot;:&quot;boxed&quot;}\" data-core-v316-plus=\"true\">\n\t\t\t\t\t<div class=\"e-con-inner\">\n\t\t\t\t<div class=\"elementor-element elementor-element-270f0de elementor-widget elementor-widget-shortcode\" data-id=\"270f0de\" data-element_type=\"widget\" data-widget_type=\"shortcode.default\">\n\t\t\t\t<div class=\"elementor-widget-container\">\n\t\t\t\t\t<div class=\"elementor-shortcode\"><style>\n    \/* Estilos Generales del Contenedor *\/\n    #gps-mental-container {\n        font-family: -apple-system, BlinkMacSystemFont, \"Segoe UI\", Roboto, Helvetica, Arial, sans-serif, \"Apple Color Emoji\", \"Segoe UI Emoji\", \"Segoe UI Symbol\";\n        background-color: #f9f9f9;\n        padding: 30px;\n        border-radius: 12px;\n        box-shadow: 0 4px 20px rgba(0, 0, 0, 0.08);\n        max-width: 750px;\n        margin: 20px auto;\n    }\n\n    #gps-mental-container h2 {\n        text-align: center;\n        color: #333;\n        margin-bottom: 15px;\n    }\n     #gps-mental-container p.subtitle {\n        text-align: center;\n        color: #666;\n        margin-top: 0;\n        margin-bottom: 30px;\n        line-height: 1.6;\n    }\n\n    \/* Barra de Progreso *\/\n    .progress-bar-container {\n        width: 100%;\n        background-color: #e0e0e0;\n        border-radius: 30px;\n        margin-bottom: 30px;\n        overflow: hidden;\n    }\n    #progress-bar-mental {\n        height: 25px;\n        width: 0%;\n        background-color: #1E9220F7;\n        border-radius: 30px;\n        text-align: center;\n        line-height: 25px;\n        color: white;\n        font-weight: bold;\n        transition: width 0.4s ease-in-out;\n    }\n\n    \/* Estilos del Formulario *\/\n    .form-section {\n        margin-bottom: 35px;\n        border-top: 1px solid #ddd;\n        padding-top: 25px;\n    }\n    .form-section h3 {\n        color: #1E9220F7;\n        margin-bottom: 20px;\n    }\n    .form-question {\n        margin-bottom: 25px;\n    }\n    .form-question label {\n        display: block;\n        margin-bottom: 10px;\n        font-weight: 600;\n        color: #444;\n    }\n    \n    \/* Inputs y Textareas *\/\n    input[type=\"text\"], input[type=\"email\"], textarea {\n        width: 100%;\n        padding: 12px;\n        border: 1px solid #ccc;\n        border-radius: 8px;\n        box-sizing: border-box;\n    }\n\n    \/* Opciones Radio (S\u00ed\/No) *\/\n    .radio-options label {\n        display: inline-block;\n        margin-right: 20px;\n        font-weight: normal;\n    }\n\n    \/* Slider de Rango *\/\n    .range-slider-container {\n        display: flex;\n        align-items: center;\n        gap: 15px;\n    }\n    input[type=\"range\"] {\n        flex-grow: 1;\n        -webkit-appearance: none;\n        appearance: none;\n        width: 100%;\n        height: 8px;\n        background: #ddd;\n        border-radius: 5px;\n        outline: none;\n    }\n    input[type=\"range\"]::-webkit-slider-thumb {\n        -webkit-appearance: none;\n        appearance: none;\n        width: 20px;\n        height: 20px;\n        background: #1E9220F7;\n        cursor: pointer;\n        border-radius: 50%;\n    }\n    .range-value {\n        font-weight: bold;\n        color: #1E9220F7;\n        min-width: 20px;\n    }\n\n    \/* Bot\u00f3n de Enviar *\/\n    #gps-mental-form button {\n        display: block;\n        width: 100%;\n        padding: 15px;\n        background-color: #1E9220F7;\n        color: white;\n        border: none;\n        border-radius: 8px;\n        font-size: 18px;\n        font-weight: bold;\n        cursor: pointer;\n        transition: background-color 0.3s;\n    }\n    #gps-mental-form button:hover {\n        background-color: #187a1a;\n    }\n\n    \/* Contenedor de Resultados *\/\n    #results-container-mental {\n        display: none;\n        padding: 20px;\n        border-radius: 8px;\n        text-align: center;\n    }\n    .result-quadrant {\n        border-width: 3px;\n        border-style: solid;\n        padding: 25px;\n        border-radius: 10px;\n        margin-bottom: 30px;\n        text-align: left;\n    }\n    .result-quadrant h3 { margin-top: 0; font-size: 24px; text-align: center;}\n    .result-quadrant p { font-size: 16px; line-height: 1.6; }\n    \n    .quadrant-green { border-color: #28a745; background-color: #eaf6ec; }\n    .quadrant-yellow { border-color: #ffc107; background-color: #fff8e1; }\n    .quadrant-red { border-color: #dc3545; background-color: #fbe9ea; }\n    .quadrant-black { border-color: #343a40; background-color: #e7e8e9; color: #343a40; }\n\n    \/* Estilos Contenido Adicional *\/\n    .final-content-offer {\n        text-align: left;\n        padding: 20px;\n        border: 2px dashed #1E9220F7;\n        border-radius: 8px;\n        background-color: #fff;\n    }\n     .final-content-offer h4 { text-align: center; line-height: 1.5; }\n     .final-content-offer ul { list-style-type: none; padding-left: 0; }\n     .final-content-offer li { margin-bottom: 15px; }\n     .final-content-offer strong { color: #1E9220F7; }\n     .final-content-offer .disclaimer { font-size: 12px; text-align: center; color: #777; margin-top: 20px;}\n     .final-content-offer .final-note { font-style: italic; text-align: center; margin-top: 20px; }\n<\/style>\n\n<div id=\"gps-mental-container\">\n    <h2><span style=\"color: #1E9220F7;\">GPS<\/span> \u2013 Dominio de la Mente \u2601\ufe0f<\/h2>\n    <p class=\"subtitle\">Una br\u00fajula atencional y estrat\u00e9gica para convertir el s\u00edntoma en escenario de maestr\u00eda.<\/p>\n    \n    <div class=\"progress-bar-container\">\n        <div id=\"progress-bar-mental\">0%<\/div>\n    <\/div>\n\n    <form id=\"gps-mental-form\">\n        <div class=\"form-section\">\n            <h3>Tus Datos de Contacto<\/h3>\n            <div class=\"form-question\">\n                <label for=\"nombre\">Nombre<\/label>\n                <input type=\"text\" id=\"nombre\" name=\"nombre\" required>\n            <\/div>\n            <div class=\"form-question\">\n                <label for=\"email\">Email<\/label>\n                <input type=\"email\" id=\"email\" name=\"email\" required>\n            <\/div>\n        <\/div>\n        \n        <div class=\"form-section\">\n            <h3>Parte 1: Se\u00f1ales de p\u00e9rdida de dominio (S\u00ed\/No)<\/h3>\n            <div class=\"form-question\"><label>1. \u00bfTe cuesta \u201cparar\u201d un pensamiento intrusivo una vez que empieza?<\/label><div class=\"radio-options\"><label><input type=\"radio\" name=\"q1\" value=\"1\" required> S\u00ed<\/label><label><input type=\"radio\" name=\"q1\" value=\"0\"> No<\/label><\/div><\/div>\n            <div class=\"form-question\"><label>2. \u00bfNot\u00e1s rumiaci\u00f3n (darle vueltas y vueltas) que te quita sue\u00f1o o foco?<\/label><div class=\"radio-options\"><label><input type=\"radio\" name=\"q2\" value=\"1\" required> S\u00ed<\/label><label><input type=\"radio\" name=\"q2\" value=\"0\"> No<\/label><\/div><\/div>\n            <div class=\"form-question\"><label>3. \u00bfRespond\u00e9s impulsivamente (dec\u00eds o hac\u00e9s algo y luego te arrepent\u00eds)?<\/label><div class=\"radio-options\"><label><input type=\"radio\" name=\"q3\" value=\"1\" required> S\u00ed<\/label><label><input type=\"radio\" name=\"q3\" value=\"0\"> No<\/label><\/div><\/div>\n            <div class=\"form-question\"><label>4. \u00bfSent\u00eds \u201csecuestro emocional\u201d (estallido o bloqueo) ante peque\u00f1os disparadores?<\/label><div class=\"radio-options\"><label><input type=\"radio\" name=\"q4\" value=\"1\" required> S\u00ed<\/label><label><input type=\"radio\" name=\"q4\" value=\"0\"> No<\/label><\/div><\/div>\n            <div class=\"form-question\"><label>5. \u00bfTu mente salta de tema en tema y perd\u00e9s el hilo con facilidad?<\/label><div class=\"radio-options\"><label><input type=\"radio\" name=\"q5\" value=\"1\" required> S\u00ed<\/label><label><input type=\"radio\" name=\"q5\" value=\"0\"> No<\/label><\/div><\/div>\n            <div class=\"form-question\"><label>6. \u00bfAparecen catastrofismos (\u201cva a salir todo mal\u201d) dif\u00edciles de cuestionar?<\/label><div class=\"radio-options\"><label><input type=\"radio\" name=\"q6\" value=\"1\" required> S\u00ed<\/label><label><input type=\"radio\" name=\"q6\" value=\"0\"> No<\/label><\/div><\/div>\n            <div class=\"form-question\"><label>7. \u00bfUs\u00e1s alcohol, comida, pantallas u otras conductas para calmarte r\u00e1pido?<\/label><div class=\"radio-options\"><label><input type=\"radio\" name=\"q7\" value=\"1\" required> S\u00ed<\/label><label><input type=\"radio\" name=\"q7\" value=\"0\"> No<\/label><\/div><\/div>\n            <div class=\"form-question\"><label>8. \u00bfTen\u00e9s hipervigilancia corporal (late fuerte, mareo) que dispara miedo?<\/label><div class=\"radio-options\"><label><input type=\"radio\" name=\"q8\" value=\"1\" required> S\u00ed<\/label><label><input type=\"radio\" name=\"q8\" value=\"0\"> No<\/label><\/div><\/div>\n            <div class=\"form-question\"><label>9. \u00bfEvit\u00e1s decisiones simples por miedo a equivocarte?<\/label><div class=\"radio-options\"><label><input type=\"radio\" name=\"q9\" value=\"1\" required> S\u00ed<\/label><label><input type=\"radio\" name=\"q9\" value=\"0\"> No<\/label><\/div><\/div>\n            <div class=\"form-question\"><label>10. \u00bfSe deterior\u00f3 tu autoconfianza para autorregularte desde que aparecieron los s\u00edntomas?<\/label><div class=\"radio-options\"><label><input type=\"radio\" name=\"q10\" value=\"1\" required> S\u00ed<\/label><label><input type=\"radio\" name=\"q10\" value=\"0\"> No<\/label><\/div><\/div>\n        <\/div>\n\n        <div class=\"form-section\">\n            <h3>Parte 2: Malestar subjetivo y reacci\u00f3n de estr\u00e9s (0-10)<\/h3>\n            <div class=\"form-question\"><label>11. \u00bfQu\u00e9 nivel de dolor\/angustia ps\u00edquica sent\u00eds hoy?<\/label><div class=\"range-slider-container\"><input type=\"range\" name=\"q11\" min=\"0\" max=\"10\" value=\"5\" class=\"slider-mental\" required><span class=\"range-value\">5<\/span><\/div><\/div>\n            <div class=\"form-question\"><label>12. \u00bfCu\u00e1nto te desregulan los intentos fallidos de \u201ccalmar la mente\u201d?<\/label><div class=\"range-slider-container\"><input type=\"range\" name=\"q12\" min=\"0\" max=\"10\" value=\"5\" class=\"slider-mental\" required><span class=\"range-value\">5<\/span><\/div><\/div>\n            <div class=\"form-question\"><label>13. \u00bfQu\u00e9 tan atrapado\/a te sent\u00eds en ciclos de rumiaci\u00f3n o p\u00e1nico?<\/label><div class=\"range-slider-container\"><input type=\"range\" name=\"q13\" min=\"0\" max=\"10\" value=\"5\" class=\"slider-mental\" required><span class=\"range-value\">5<\/span><\/div><\/div>\n            <div class=\"form-question\"><label>14. \u00bfCu\u00e1nta energ\u00eda diaria te consume \u201ccontrolar\u201d lo que pens\u00e1s\/sent\u00eds?<\/label><div class=\"range-slider-container\"><input type=\"range\" name=\"q14\" min=\"0\" max=\"10\" value=\"5\" class=\"slider-mental\" required><span class=\"range-value\">5<\/span><\/div><\/div>\n            <div class=\"form-question\"><label>15. \u00bfQu\u00e9 nivel de impotencia sent\u00eds ante s\u00edntomas que \u201cvuelven\u201d a pesar de tus esfuerzos?<\/label><div class=\"range-slider-container\"><input type=\"range\" name=\"q15\" min=\"0\" max=\"10\" value=\"5\" class=\"slider-mental\" required><span class=\"range-value\">5<\/span><\/div><\/div>\n        <\/div>\n        \n        <div class=\"form-section\">\n            <h3>Parte 3: Capacidad pr\u00e1ctica de autorregulaci\u00f3n (0-10)<\/h3>\n            <div class=\"form-question\"><label>16. \u00bfPod\u00e9s tolerar 90 segundos de urgencia emocional sin actuar impulsivamente?<\/label><div class=\"range-slider-container\"><input type=\"range\" name=\"q16\" min=\"0\" max=\"10\" value=\"5\" class=\"slider-mental\" required><span class=\"range-value\">5<\/span><\/div><\/div>\n            <div class=\"form-question\"><label>17. \u00bfLogr\u00e1s pausa-respiro-observar antes de responder en discusiones?<\/label><div class=\"range-slider-container\"><input type=\"range\" name=\"q17\" min=\"0\" max=\"10\" value=\"5\" class=\"slider-mental\" required><span class=\"range-value\">5<\/span><\/div><\/div>\n            <div class=\"form-question\"><label>18. \u00bfPod\u00e9s redirigir rumiaci\u00f3n a una tarea concreta en menos de 2 minutos?<\/label><div class=\"range-slider-container\"><input type=\"range\" name=\"q18\" min=\"0\" max=\"10\" value=\"5\" class=\"slider-mental\" required><span class=\"range-value\">5<\/span><\/div><\/div>\n            <div class=\"form-question\"><label>19. \u00bfManten\u00e9s m\u00ednimos de higiene mental (sue\u00f1o b\u00e1sico, pausas, movimiento) aun con estr\u00e9s?<\/label><div class=\"range-slider-container\"><input type=\"range\" name=\"q19\" min=\"0\" max=\"10\" value=\"5\" class=\"slider-mental\" required><span class=\"range-value\">5<\/span><\/div><\/div>\n            <div class=\"form-question\"><label>20. \u00bfTe ves capaz de reconstruir calma y claridad en el corto\/mediano plazo?<\/label><div class=\"range-slider-container\"><input type=\"range\" name=\"q20\" min=\"0\" max=\"10\" value=\"5\" class=\"slider-mental\" required><span class=\"range-value\">5<\/span><\/div><\/div>\n        <\/div>\n\n        <div class=\"form-section\">\n            <h3>Parte 4: Preguntas abiertas<\/h3>\n             <div class=\"form-question\"><label>21. Si tu mente hoy fuera un personaje, paisaje o clima, \u00bfcu\u00e1l ser\u00eda y por qu\u00e9?<\/label><textarea name=\"q21\" rows=\"4\" required><\/textarea><\/div>\n             <div class=\"form-question\"><label>22. \u00bfQu\u00e9 tendr\u00eda que cambiar \u2014en vos, en tus h\u00e1bitos o en el contexto\u2014 para recuperar lucidez estable?<\/label><textarea name=\"q22\" rows=\"4\" required><\/textarea><\/div>\n             <div class=\"form-question\"><label>23. (Opcional) Eleg\u00ed una palabra que resuma c\u00f3mo viv\u00eds tu mente hoy y explic\u00e1 por qu\u00e9.<\/label><textarea name=\"q23\" rows=\"4\"><\/textarea><\/div>\n        <\/div>\n\n        <button type=\"submit\">Ubicarme en el Mapa<\/button>\n    <\/form>\n\n    <div id=\"results-container-mental\">\n        <\/div>\n<\/div>\n\n<script>\ndocument.addEventListener('DOMContentLoaded', function() {\n    const form = document.getElementById('gps-mental-form');\n    const progressBar = document.getElementById('progress-bar-mental');\n    const resultsContainer = document.getElementById('results-container-mental');\n    const container = document.getElementById('gps-mental-container');\n    \n    const inputs = Array.from(form.querySelectorAll('input[required], textarea[required]'));\n    const totalQuestions = inputs.length;\n\n    const updateProgressBar = () => {\n        let completedCount = 0;\n        const radioGroups = {};\n        inputs.forEach(input => {\n            if (input.type === 'radio') {\n                if (!radioGroups[input.name] && input.checked) {\n                    radioGroups[input.name] = true;\n                    completedCount++;\n                }\n            } else if (input.value.trim() !== '') {\n                 completedCount++;\n            }\n        });\n        const percentage = totalQuestions > 0 ? Math.round((completedCount \/ totalQuestions) * 100) : 0;\n        progressBar.style.width = percentage + '%';\n        progressBar.textContent = percentage + '%';\n    };\n    form.addEventListener('input', updateProgressBar);\n\n    const sliders = form.querySelectorAll('.slider-mental');\n    sliders.forEach(slider => {\n        const valueSpan = slider.nextElementSibling;\n        slider.addEventListener('input', () => {\n            valueSpan.textContent = slider.value;\n        });\n    });\n\n    form.addEventListener('submit', function(event) {\n        event.preventDefault();\n\n        const formData = new FormData(form);\n        const data = Object.fromEntries(formData.entries());\n\n        let scoreParte1 = 0; for (let i = 1; i <= 10; i++) { scoreParte1 += parseInt(data[`q${i}`] || 0); }\n        let scoreParte2 = 0; for (let i = 11; i <= 15; i++) { scoreParte2 += parseInt(data[`q${i}`] || 0); }\n        let scoreParte3 = 0; for (let i = 16; i <= 20; i++) { scoreParte3 += parseInt(data[`q${i}`] || 0); }\n        const totalScore = scoreParte1 + scoreParte2 + scoreParte3;\n\n        let resultHTML = '';\n        let resultTier = '';\n\n        if (totalScore <= 20) {\n            resultTier = '\ud83d\udfe2 Seguir Bien';\n            resultHTML = `<div class=\"result-quadrant quadrant-green\"><h3>${resultTier} (Puntaje: ${totalScore})<\/h3><p>Ten\u00e9s autodominio suficiente. Es un buen momento para reforzar tus recursos actuales y establecer nuevas metas de pr\u00e1ctica para seguir fortaleciendo tu claridad y foco.<\/p><\/div>`;\n        } else if (totalScore <= 45) {\n            resultTier = '\ud83d\udfe1 Recalcular';\n            resultHTML = `<div class=\"result-quadrant quadrant-yellow\"><h3>${resultTier} (Puntaje: ${totalScore})<\/h3><p>Est\u00e1s experimentando se\u00f1ales de desgaste mental. Es un buen momento para recalcular: ordenar tus h\u00e1bitos, bajar la reactividad y enfocarte en t\u00e9cnicas simples para recuperar la calma.<\/p><\/div>`;\n        } else if (totalScore <= 75) {\n            resultTier = '\ud83d\udd34 Cortar Bien (Time-out estrat\u00e9gico)';\n            resultHTML = `<div class=\"result-quadrant quadrant-red\"><h3>${resultTier} (Puntaje: ${totalScore})<\/h3><p>La estrategia actual te est\u00e1 agotando. Es momento de un \"time-out\": pausar las insistencias que no ayudan y considerar apoyos temporales (como psicoterapia focalizada y\/o psicof\u00e1rmacos transitorios) mientras reorganiz\u00e1s tu protocolo personal de autorregulaci\u00f3n.<\/p><\/div>`;\n        } else {\n            resultTier = '\u26d4 Seguir Mal (Urgencia)';\n            resultHTML = `<div class=\"result-quadrant quadrant-black\"><h3>${resultTier} (Puntaje: ${totalScore})<\/h3><p>Te encontr\u00e1s en una zona de alto riesgo de abuso reactivo y deterioro funcional. La situaci\u00f3n requiere actuar ya con ayuda profesional para estabilizar. Una vez lograda la calma, podr\u00e1s retomar el entrenamiento fino del autodominio.<\/p><\/div>`;\n        }\n        \n        const finalContentHTML = `\n            <div class=\"final-content-offer\">\n                <h4>\ud83d\ude80 Para un acompa\u00f1amiento hecho a tu medida, pod\u00e9s continuar con nosotros a trav\u00e9s de este enlace:<br><a href=\"https:\/\/wa.me\/5491123330631\" target=\"_blank\" rel=\"noopener noreferrer\">https:\/\/wa.me\/5491123330631<\/a><\/h4>\n                <hr style=\"border-top: 1px dashed #ccc; margin: 15px 0;\">\n                <ul>\n                    <li><strong>Matriz FODA:<\/strong> $35.000 ARS\/ USD 25 <\/li>\n                    <li><strong>PAQUETES DE SESIONES INDIVIDUALES<\/strong>\n                        <ul style=\"list-style-type: none; padding-left: 20px; margin-top: 10px;\">\n                            <li><strong>1 Sesi\u00f3n Individual:<\/strong> $120.000 ARS \/ USD 90<\/li>\n                            <li><strong>3 Sesiones:<\/strong> $220.000 ARS \/ USD 170<\/li>\n                            <li><strong>5 Sesiones:<\/strong> $330.000 ARS \/ USD 260<\/li>\n                        <\/ul>\n                    <\/li>\n                <\/ul>\n                <p style=\"text-align:center; margin-top: 20px;\"><strong>Contacto y Consultas (WhatsApp): +54 9 11 2333 0631<\/strong><\/p>\n                <p class=\"disclaimer\">Este GPS no es diagn\u00f3stico ni reemplaza una consulta cl\u00ednica. Es una br\u00fajula para ubicarte y decidir el siguiente paso prudente.<\/p>\n                <p class=\"final-note\">\u2601\ufe0f Tu mente no es tu enemiga: es tu dojo. Ubicate en el mapa, eleg\u00ed el paso prudente y entren\u00e1 la pausa l\u00facida. El resto \u2014con m\u00e9todo\u2014 llega.<\/p>\n            <\/div>`;\n\n        form.style.display = 'none';\n        container.querySelector('.progress-bar-container').style.display = 'none';\n        resultsContainer.innerHTML = resultHTML + finalContentHTML;\n        resultsContainer.style.display = 'block';\n\n        sendDataToGoogleSheet(data, totalScore, resultTier);\n    });\n    \n    function sendDataToGoogleSheet(formData, totalScore, resultTier) {\n        const submissionData = { ...formData, totalScore, resultTier };\n        \n        \/\/ \u00a1IMPORTANTE! Deber\u00e1s reemplazar esta URL con la de tu NUEVO Google Apps Script.\n        const endpointURL = 'URL_PARA_NUEVO_GOOGLE_SHEET_AQUI'; \n\n        fetch(endpointURL, {\n            method: 'POST',\n            mode: 'no-cors',\n            headers: { 'Content-Type': 'application\/json' },\n            body: JSON.stringify(submissionData)\n        })\n        .then(() => console.log('Datos enviados a Google Sheet.'))\n        .catch(error => console.error('Error al enviar los datos:', error));\n    }\n});\n<\/script><\/div>\n\t\t\t\t<\/div>\n\t\t\t\t<\/div>\n\t\t\t\t\t<\/div>\n\t\t\t\t<\/div>\n\t\t\t\t\t\t\t<\/div>\n\t\t","protected":false},"excerpt":{"rendered":"<p>GPS \u2013 Dominio de la Mente \u2601\ufe0f Una br\u00fajula atencional y estrat\u00e9gica para convertir el s\u00edntoma en escenario de maestr\u00eda. 0% Tus Datos de Contacto Nombre Email Parte 1: Se\u00f1ales de p\u00e9rdida de dominio (S\u00ed\/No) 1. \u00bfTe cuesta \u201cparar\u201d un pensamiento intrusivo una vez que empieza? S\u00ed No 2. \u00bfNot\u00e1s rumiaci\u00f3n (darle vueltas y vueltas) &hellip;<\/p>\n<p class=\"read-more\"> <a class=\"\" href=\"https:\/\/menteparatodos.com\/index.php\/gps-mental\/\"> <span class=\"screen-reader-text\">GPS mental<\/span> Read More &raquo;<\/a><\/p>\n","protected":false},"author":2,"featured_media":0,"parent":0,"menu_order":0,"comment_status":"closed","ping_status":"closed","template":"","meta":{"site-sidebar-layout":"no-sidebar","site-content-layout":"page-builder","ast-site-content-layout":"full-width-container","site-content-style":"default","site-sidebar-style":"default","ast-global-header-display":"","ast-banner-title-visibility":"","ast-main-header-display":"","ast-hfb-above-header-display":"","ast-hfb-below-header-display":"","ast-hfb-mobile-header-display":"","site-post-title":"disabled","ast-breadcrumbs-content":"","ast-featured-img":"disabled","footer-sml-layout":"","theme-transparent-header-meta":"","adv-header-id-meta":"","stick-header-meta":"","header-above-stick-meta":"","header-main-stick-meta":"","header-below-stick-meta":"","astra-migrate-meta-layouts":"set","footnotes":""},"aioseo_notices":[],"_links":{"self":[{"href":"https:\/\/menteparatodos.com\/index.php\/wp-json\/wp\/v2\/pages\/7884"}],"collection":[{"href":"https:\/\/menteparatodos.com\/index.php\/wp-json\/wp\/v2\/pages"}],"about":[{"href":"https:\/\/menteparatodos.com\/index.php\/wp-json\/wp\/v2\/types\/page"}],"author":[{"embeddable":true,"href":"https:\/\/menteparatodos.com\/index.php\/wp-json\/wp\/v2\/users\/2"}],"replies":[{"embeddable":true,"href":"https:\/\/menteparatodos.com\/index.php\/wp-json\/wp\/v2\/comments?post=7884"}],"version-history":[{"count":16,"href":"https:\/\/menteparatodos.com\/index.php\/wp-json\/wp\/v2\/pages\/7884\/revisions"}],"predecessor-version":[{"id":7914,"href":"https:\/\/menteparatodos.com\/index.php\/wp-json\/wp\/v2\/pages\/7884\/revisions\/7914"}],"wp:attachment":[{"href":"https:\/\/menteparatodos.com\/index.php\/wp-json\/wp\/v2\/media?parent=7884"}],"curies":[{"name":"wp","href":"https:\/\/api.w.org\/{rel}","templated":true}]}}